{"id":367,"date":"2021-10-15T15:30:37","date_gmt":"2021-10-15T15:30:37","guid":{"rendered":"https:\/\/rrsolutions.it\/?page_id=367"},"modified":"2022-03-30T15:00:43","modified_gmt":"2022-03-30T15:00:43","slug":"privacy-policy","status":"publish","type":"page","link":"https:\/\/rrsolutions.it\/it\/privacy-policy\/","title":{"rendered":"PRIVACY POLICY"},"content":{"rendered":"<p><div class=\"fusion-fullwidth fullwidth-box fusion-builder-row-1 fusion-flex-container fusion-parallax-none nonhundred-percent-fullwidth non-hundred-percent-height-scrolling lazyload\" style=\"--awb-border-radius-top-left:0px;--awb-border-radius-top-right:0px;--awb-border-radius-bottom-right:0px;--awb-border-radius-bottom-left:0px;--awb-background-size:cover;--awb-flex-wrap:wrap;\" data-bg=\"https:\/\/rrsolutions.it\/wp-content\/uploads\/2021\/10\/Page-Headers.jpg\" ><div class=\"fusion-builder-row fusion-row fusion-flex-align-items-flex-start fusion-flex-content-wrap\" style=\"max-width:1248px;margin-left: calc(-4% \/ 2 );margin-right: calc(-4% \/ 2 );\"><div class=\"fusion-layout-column fusion_builder_column fusion-builder-column-0 fusion_builder_column_1_1 1_1 fusion-flex-column\" style=\"--awb-bg-size:cover;--awb-width-large:100%;--awb-spacing-right-large:1.92%;--awb-margin-bottom-large:0px;--awb-spacing-left-large:1.92%;--awb-width-medium:100%;--awb-order-medium:0;--awb-spacing-right-medium:1.92%;--awb-spacing-left-medium:1.92%;--awb-width-small:100%;--awb-order-small:0;--awb-spacing-right-small:1.92%;--awb-spacing-left-small:1.92%;\"><div class=\"fusion-column-wrapper fusion-column-has-shadow fusion-flex-justify-content-flex-start fusion-content-layout-column\"><div class=\"fusion-separator fusion-full-width-sep\" style=\"align-self: center;margin-left: auto;margin-right: auto;margin-top:100px;margin-bottom:50px;width:100%;\"><\/div><div class=\"fusion-title title fusion-title-1 fusion-sep-none fusion-title-text fusion-title-size-one\" style=\"--awb-text-color:#ffffff;--awb-font-size:35px;\"><h1 class=\"fusion-title-heading title-heading-left\" style=\"font-family:&quot;Open Sans&quot;;font-style:normal;font-weight:300;margin:0;font-size:1em;\">Privacy Policy<\/h1><\/div><div class=\"fusion-separator fusion-full-width-sep\" style=\"align-self: center;margin-left: auto;margin-right: auto;margin-top:100px;width:100%;\"><\/div><\/div><\/div><\/div><\/div><div class=\"fusion-fullwidth fullwidth-box fusion-builder-row-2 fusion-flex-container nonhundred-percent-fullwidth non-hundred-percent-height-scrolling\" style=\"--awb-border-radius-top-left:0px;--awb-border-radius-top-right:0px;--awb-border-radius-bottom-right:0px;--awb-border-radius-bottom-left:0px;--awb-flex-wrap:wrap;\" ><div class=\"fusion-builder-row fusion-row fusion-flex-align-items-flex-start fusion-flex-content-wrap\" style=\"max-width:1248px;margin-left: calc(-4% \/ 2 );margin-right: calc(-4% \/ 2 );\"><div class=\"fusion-layout-column fusion_builder_column fusion-builder-column-1 fusion_builder_column_1_1 1_1 fusion-flex-column\" style=\"--awb-bg-size:cover;--awb-width-large:100%;--awb-spacing-right-large:1.92%;--awb-margin-bottom-large:0px;--awb-spacing-left-large:1.92%;--awb-width-medium:100%;--awb-order-medium:0;--awb-spacing-right-medium:1.92%;--awb-spacing-left-medium:1.92%;--awb-width-small:100%;--awb-order-small:0;--awb-spacing-right-small:1.92%;--awb-spacing-left-small:1.92%;\"><div class=\"fusion-column-wrapper fusion-column-has-shadow fusion-flex-justify-content-flex-start fusion-content-layout-column\"><div class=\"fusion-separator fusion-full-width-sep\" style=\"align-self: center;margin-left: auto;margin-right: auto;margin-top:30px;width:100%;\"><\/div><\/div><\/div><\/div><\/div><div class=\"fusion-fullwidth fullwidth-box fusion-builder-row-3 fusion-flex-container nonhundred-percent-fullwidth non-hundred-percent-height-scrolling\" style=\"--awb-border-radius-top-left:0px;--awb-border-radius-top-right:0px;--awb-border-radius-bottom-right:0px;--awb-border-radius-bottom-left:0px;--awb-flex-wrap:wrap;\" ><div class=\"fusion-builder-row fusion-row fusion-flex-align-items-flex-start fusion-flex-content-wrap\" style=\"max-width:1248px;margin-left: calc(-4% \/ 2 );margin-right: calc(-4% \/ 2 );\"><div class=\"fusion-layout-column fusion_builder_column fusion-builder-column-2 fusion_builder_column_1_1 1_1 fusion-flex-column\" style=\"--awb-bg-size:cover;--awb-width-large:100%;--awb-spacing-right-large:1.92%;--awb-margin-bottom-large:0px;--awb-spacing-left-large:1.92%;--awb-width-medium:100%;--awb-order-medium:0;--awb-spacing-right-medium:1.92%;--awb-spacing-left-medium:1.92%;--awb-width-small:100%;--awb-order-small:0;--awb-spacing-right-small:1.92%;--awb-spacing-left-small:1.92%;\"><div class=\"fusion-column-wrapper fusion-column-has-shadow fusion-flex-justify-content-flex-start fusion-content-layout-column\"><div class=\"fusion-text fusion-text-1\"><h1>INFORMATIVA SULLA PRIVACY<\/h1>\n<h3>Generalit\u00e0<\/h3>\n<p><strong>RR Solutions sas di Rudolf Rienzner &amp; Co.<\/strong>\u00a0ha sviluppato questa Policy Privacy Internet al fine di conformare la propria attivit\u00e0 a quella di soggetto fidato che assicura, rispetta e mantiene il diritto alla privacy dei Visitatori nell&#8217;ambiente on-line.<\/p>\n<p><strong>RR Solutions sas di Rudolf Rienzner &amp; Co.<\/strong>\u00a0una societ\u00e0 di diritto italiano \u00e8 il titolare del trattamento dei dati personali eventualmente raccolti attraverso questo sito secondo quanto definito dal Regolamento Europeo GDPR 679\/2016. Il titolare tratter\u00e0 i dati eventualmente raccolti attraverso questo sito\u00a0<a>http:\/\/rrsolutions.it<\/a>. \/ per finalit\u00e0, con modalit\u00e0 e secondo quanto specificamente illustrato nel seguito.<\/p>\n<h2>Raccolta dei dati personali e finalit\u00e0 del trattamento<\/h2>\n<p><strong>RR Solutions sas di Rudolf Rienzner &amp; Co.<\/strong>\u00a0raccoglier\u00e0 e tratter\u00e0 solamente dati personali volontariamente forniti dai visitatori di questo sito. I visitatori sono in grado di navigare nel sito anche senza rivelare informazioni e dati personali. Ciascun Visitatore del sito pu\u00f2 scegliere di fornire a\u00a0<strong>RR Solutions sas di Rudolf Rienzner &amp; Co.<\/strong>\u00a0limitati dati personali secondo quanto richiesto al fine di ottenere informazioni sui nostri servizi. Una volta registrati, i dati personali raccolti saranno utilizzati solamente per i servizi indicati nell&#8217;informativa disponibile.<br \/>\nI Visitatori del sito possono fornire i loro dati per:<br \/>\n\u2022iscriversi alla nostra newsletter<br \/>\n\u2022iscriversi a eventi<br \/>\n\u2022Inviare curriculum vitae<br \/>\n\u2022richiedere informazioni sui servizi\/prodotti, offerte, preventivi<br \/>\n\u2022acquistare servizi\/prodotti<\/p>\n<h2>Comunicazione a terzi<\/h2>\n<p>I dati personali non saranno oggetto di comunicazione ad altre societ\u00e0 senza un Vostro esplicito consenso. Unica eccezione \u00e8 la comunicazione alla RR Solutions RO SRL, Municipiul Timisoara, Strada Loichit\u00e0 Vasile, Nr. 1-3, SAD Nr. 8, Corp C, Judet Timis \u2013 Romania di Rudolf Rienzner, per relativi servizi che vengono eseguiti da quest`ultima per conto di RR Solutions sas di Rudolf Rienzner &amp; Co. I datipersonali potranno per\u00f2 essere inviati agli Enti ed Istituti per l&#8217;espletamento degli obblighi di legge.<br \/>\n<strong>RR Solutions sas di Rudolf Rienzner &amp; Co.<\/strong>\u00a0non raccoglie deliberatamente, attraverso il sito, dati personali sensibili o giudiziari.<\/p>\n<p>I Dati sensibili, ai sensi dell&#8217;art. 4 del Regolamento Europeo GDPR 679\/2016, includono i dati personali idonei a rivelare l&#8217;origine razziale ed etnica, le convinzioni religiose, filosofiche o di altro genere, le opinioni politiche, l&#8217;adesione a partiti, sindacati, associazioni od organizzazioni a carattere religioso, filosofico, politico o sindacale, nonch\u00e9 i dati personali idonei a rivelare lo stato di salute e la vita sessuale. I dati giudiziari, sempre ai sensi dell&#8217;art. 4 del Regolamento Europeo GDPR 679\/2016, includono i dati personali idonei a rivelare provvedimenti di cui all&#8217;articolo 3, comma 1, lettere da a) a o) e da r) a u), del D.P.R. 14 novembre 2002, n. 313, in materia di casellario giudiziale, di anagrafe delle sanzioni amministrative dipendenti da reato e dei relativi carichi pendenti, o la qualit\u00e0 di imputato o di indagato ai sensi degli articoli 60 e 61 del codice di procedura penale. Vi raccomandiamo di non fornire tali informazioni attraverso il nostro sito. Nel caso in cui ci\u00f2 sia necessario (ad esempio per il caso di appartenenza a categorie protette in caso di invio di curriculum vitae a fini di assunzione, in risposta ad un annuncio di lavoro o nel caso di manifestazione di interesse a lavorare da noi) vi invitiamo a trasmetterci a mezzo lettera raccomandata dichiarazione con l&#8217;espressione del vostro consenso in forma scritta al trattamento di queste informazioni.<\/p>\n<h2>Integrazione di servizi e contenuti di terze parti<\/h2>\n<p>\u2022Google Analytics, Google-IP-Locator, Google Maps, Google Maps Distance Api, Google reCHAPTA Proprietario: Google Inc., 1600 Amphitheatre Parkway, Mountain View, CA 94043, USA<br \/>\n\u2022YouTube-Inhalte, Proprietario: Google Inc., Amphitheatre Parkway, Mountain View, CA 94043, USA.<br \/>\n\u2022Soziales Netzwerk Facebook Proprietario: Facebook Inc., Menlo Park, California, USA<br \/>\n\u2022Soziales Netzwerk Google Plus Proprietario: Google Inc., 1600 Amphitheatre Parkway, Mountain View, CA 94043, USA\u2022Soziales Netzwerk Instagram, Proprietario: Facebook Inc., Menlo Park, California, USA<br \/>\n\u2022Soziales Netzwerk Twitter, Proprietario: Twitter International Company, One Cumberland Place, Fenian Street, Dublin 2 D02 AX07, Irland<br \/>\n\u2022Vimeo Proprietario: Vimeo Inc., 555 West 18th Street, New York, New York 10011<br \/>\n\u2022\u00c8 possibile che vengano caricati ulteriori contenuti esterni tramite widget e iframe. Per accedere a questo elenco di contenuti esterni, \u00e8 necessario inviare un&#8217;e-mail a\u00a0<strong>info@rrsolutions.it<\/strong><\/p>\n<h2>Collegamenti con siti terzi<\/h2>\n<p>Si prega di notare che questo sito\u00a0<a>http:\/\/rrsolutions.it<\/a>\u00a0pu\u00f2 contenere collegamenti (links) ad altri siti i quali non sono governati da questa policy privacy.<\/p>\n<h2>Conservazione e cancellazione dei dati<\/h2>\n<p>Le informazioni e i dati personali dei Visitatori raccolti da questo sito, ivi inclusi i dati liberamente forniti al fine di ottenere l&#8217;invio di materiale informativo o di altre comunicazioni scrivendo nei moduli di contatto di questo sito saranno conservati al solo fine di fornire il servizio richiesto e per la durata necessaria al medesimo fine. Una volta completato il servizio, tutti i dati personali saranno distrutti in aderenza alle policy in materia di conservazione dei dati di\u00a0<strong>RR Solutions sas di Rudolf Rienzner &amp; Co.<\/strong>, salvo diversa richiesta dell&#8217;autorit\u00e0 e salvo esigenze di conservazione stabilite dalla legge, o da quanto indicato nella presente policy misure dell&#8217;utilizzo di questo sito\u00a0<a>http:\/\/rrsolutions.it<\/a>\u00a0per sezioni particolari del presente sito, o secondo sue esplicite richieste.<\/p>\n<h2>Esercizio dei diritti dell&#8217;interessato<\/h2>\n<p>In qualsiasi momento, ai sensi dell&#8217;art. 15 e seguenti del Regolamento Europeo GDPR 679\/2016, sar\u00e0 possibile verificare i propri dati personali raccolti attraverso questo sito ed eventualmente farli correggere, aggiornare o cancellare, o esercitare gli altri diritti riconosciuti per legge, scrivendo o contattando il titolare del trattamento al seguente indirizzo\u00a0<strong>info@rrsolutions.it<\/strong><\/p>\n<h2>Sicurezza dei dati<\/h2>\n<p>Vengono applicate le misure di sicurezza tecniche e organizzative necessarie per proteggere i dati personali dalla perdita e dall&#8217;uso improprio.\u00a0<strong>RR Solutions sas di Rudolf Rienzner &amp; Co.<\/strong>\u00a0protegge i dati personali attraverso l&#8217;applicazione di livelli disicurezza riconosciuti a livello internazionale, nonch\u00e9 attraverso procedure di sicurezza che proteggono I dati personali contro: \u00a0\u00a0\u00a0\u00a0\u00a0\u2022L&#8217;accesso non autorizzato<br \/>\n\u2022L&#8217;utilizzo improprio o la divulgazione<br \/>\n\u2022La modifica non autorizzata<br \/>\n\u2022La perdita o la distruzione accidentale o causata da atto illecito<\/p>\n<h2>Cookie\/Annunci pubblicitari<\/h2>\n<p>I cookie sono piccoli file di testo che vengono salvati sul computer del visitatore determinati siti internet. Per questo sito\u00a0<a>http:\/\/rrsolutions.it<\/a>\u00a0e relativi sotto-domini utilizziamo cookie, chiedendone il consenso all&#8217;utente ove la legge o i regolamenti applicabili lo prevedano, per agevolare la navigazione e personalizzare le informazioni rivolte all&#8217;utente. Vengono utilizzati inoltre sistemi per raccogliere informazioni sugli utenti, quali ad esempio indirizzo IP, tipo di browser e sistema operativo utilizzato e\/o pagine web visitate da un utente, per finalit\u00e0 statistiche o di sicurezza. I cookie non sono dannosi per il computer, tablet o smartphone del visitatore. Nei cookie generati dal sito\u00a0<a>http:\/\/rrsolutions.it<\/a>, non vengono conservate dati identificative personali ma solo informazioni criptate.<\/p>\n<h2>Utilizzo specifico dei dati personali<\/h2>\n<p>Riportiamo di seguito indicazioni specifiche riguardanti il funzionamento di sezioni particolari del presente sito:<br \/>\n\u2022Sezione: Richiesta contatto<br \/>\nLa sezione &#8220;richiesta contatto&#8221; di questo sito offre la possibilit\u00e0 di richiedere<br \/>\ninformazioni su servizi, prodotti, eventi\/corsi e richiedere preventivi. Se<br \/>\ndecidete di inviare i vostri dati personali essi saranno trattati esclusivamente<br \/>\nper tali finalit\u00e0 da personale appositamente incaricato e secondo le normali<br \/>\nprocedure interne<br \/>\n\u2022Sezione: Jobs<br \/>\nLa sezione &#8220;Jobs&#8221; di questo sito offre la possibilit\u00e0 di esprimere l&#8217;interesse a<br \/>\nlavorare presso la nostra azienda ovvero di rispondere ad un annuncio di lavoro<br \/>\nper posizioni vacanti o nuove posizioni. Se decidete di inviare i vostri dati<br \/>\npersonali essi saranno trattati esclusivamente per tali finalit\u00e0 da personale<br \/>\nappositamente incaricato e secondo le normali procedure interne di gestione del<br \/>\npersonale di\u00a0<strong>Solutions sas di Rudolf Rienzner &amp; Co.<\/strong><br \/>\n\u2022Sezione: Newsletter<br \/>\nQualora l&#8217;utente del sito internet\u00a0<a>http:\/\/rrsolutions.it<\/a>\u00a0decida di<br \/>\niscriversialla nostra newsletter, dovr\u00e0 comunicare i propri dati personali (per es.<br \/>\nindirizzo di posta elettronica, ecc.) tramite la compilazione dell&#8217;apposito<br \/>\nmodulo di contatto presente nella sezione &#8220;newsletter&#8221;. I dati cos\u00ec raccolti<br \/>\nverranno trattati per l&#8217;invio della newsletter e comunque come indicato<br \/>\nnell&#8217;informativa riportata a piede della pagina di registrazione al servizio.<\/p>\n<h2>Minori di anni 16<\/h2>\n<p>Il sito internet\u00a0<a>http:\/\/rrsolutions.it<\/a>\u00a0disciplinato da questa policy privacy non \u00e8 finalizzato all&#8217;utilizzo da parte di minori di anni 16. Comprendiamo l&#8217;importanza di proteggere le informazioni destinate ai minori, specialmente in un ambiente on-line e pertanto non raccogliamo n\u00e9 manteniamo deliberatamente dati personali riferiti a minori.<\/p>\n<\/div><\/div><\/div><\/div><\/div><\/p>","protected":false},"excerpt":{"rendered":"","protected":false},"author":1,"featured_media":0,"parent":0,"menu_order":0,"comment_status":"closed","ping_status":"closed","template":"100-width.php","meta":{"inline_featured_image":false,"footnotes":""},"class_list":["post-367","page","type-page","status-publish","hentry"],"_links":{"self":[{"href":"https:\/\/rrsolutions.it\/it\/wp-json\/wp\/v2\/pages\/367","targetHints":{"allow":["GET"]}}],"collection":[{"href":"https:\/\/rrsolutions.it\/it\/wp-json\/wp\/v2\/pages"}],"about":[{"href":"https:\/\/rrsolutions.it\/it\/wp-json\/wp\/v2\/types\/page"}],"author":[{"embeddable":true,"href":"https:\/\/rrsolutions.it\/it\/wp-json\/wp\/v2\/users\/1"}],"replies":[{"embeddable":true,"href":"https:\/\/rrsolutions.it\/it\/wp-json\/wp\/v2\/comments?post=367"}],"version-history":[{"count":4,"href":"https:\/\/rrsolutions.it\/it\/wp-json\/wp\/v2\/pages\/367\/revisions"}],"predecessor-version":[{"id":909,"href":"https:\/\/rrsolutions.it\/it\/wp-json\/wp\/v2\/pages\/367\/revisions\/909"}],"wp:attachment":[{"href":"https:\/\/rrsolutions.it\/it\/wp-json\/wp\/v2\/media?parent=367"}],"curies":[{"name":"wp","href":"https:\/\/api.w.org\/{rel}","templated":true}]}}